{"id":2137,"date":"2024-09-19T11:20:39","date_gmt":"2024-09-19T11:20:39","guid":{"rendered":"https:\/\/vingagroup.com\/portfolio-strategy\/"},"modified":"2024-12-05T12:12:30","modified_gmt":"2024-12-05T12:12:30","slug":"portfolio-strategy","status":"publish","type":"page","link":"https:\/\/vingagroup.com\/en\/portfolio-strategy\/","title":{"rendered":"Portfolio Strategy"},"content":{"rendered":"<p>[et_pb_section fb_built=&#8221;1&#8243; custom_padding_last_edited=&#8221;on|phone&#8221; disabled_on=&#8221;off|off|off&#8221; _builder_version=&#8221;4.27.0&#8243; _module_preset=&#8221;default&#8221; background_enable_color=&#8221;off&#8221; background_image=&#8221;https:\/\/vingagroup.com\/wp-content\/uploads\/2024\/09\/portfoljstrategi-mockup-dark.jpg&#8221; height=&#8221;755px&#8221; height_tablet=&#8221;821px&#8221; height_phone=&#8221;685px&#8221; height_last_edited=&#8221;on|phone&#8221; custom_margin=&#8221;||||false|false&#8221; custom_padding=&#8221;8px||54px||false|false&#8221; custom_padding_tablet=&#8221;8px||54px||false|false&#8221; custom_padding_phone=&#8221;0px||||false|false&#8221; filter_saturate=&#8221;78%&#8221; locked=&#8221;off&#8221; global_colors_info=&#8221;{}&#8221;][et_pb_row _builder_version=&#8221;4.23&#8243; _module_preset=&#8221;default&#8221; positioning=&#8221;absolute&#8221; position_origin_a=&#8221;center_center&#8221; custom_margin=&#8221;7px|auto||auto||&#8221; locked=&#8221;off&#8221; global_colors_info=&#8221;{}&#8221;][et_pb_column type=&#8221;4_4&#8243; _builder_version=&#8221;4.19.5&#8243; _module_preset=&#8221;default&#8221; global_colors_info=&#8221;{}&#8221;][et_pb_text content_tablet=&#8221;<\/p>\n<h1 style=%22text-align: center;%22><em>En aktiv h\u00f6gr\u00e4ntef\u00f6rvaltare<\/em><\/h1>\n<p>&#8221; content_phone=&#8221;<\/p>\n<h1 style=%22text-align: center;%22><em>En aktiv h\u00f6gr\u00e4nte-f\u00f6rvaltare<\/em><\/h1>\n<p>&#8221; content_last_edited=&#8221;off|desktop&#8221; _builder_version=&#8221;4.27.0&#8243; _module_preset=&#8221;default&#8221; text_text_color=&#8221;#FFFFFF&#8221; header_font=&#8221;Playfair Display||||||||&#8221; header_text_color=&#8221;#FFFFFF&#8221; header_font_size=&#8221;54px&#8221; header_line_height=&#8221;1.4em&#8221; width_tablet=&#8221;&#8221; width_phone=&#8221;100%&#8221; width_last_edited=&#8221;on|phone&#8221; custom_margin=&#8221;||12px|||&#8221; header_font_size_tablet=&#8221;46px&#8221; header_font_size_phone=&#8221;46px&#8221; header_font_size_last_edited=&#8221;on|phone&#8221; global_colors_info=&#8221;{}&#8221;]<\/p>\n<h1 style=\"text-align: center;\"><em>Portfolio Strategy<\/em><\/h1>\n<p>[\/et_pb_text][\/et_pb_column][\/et_pb_row][\/et_pb_section][et_pb_section fb_built=&#8221;1&#8243; _builder_version=&#8221;4.27.2&#8243; _module_preset=&#8221;default&#8221; background_color=&#8221;#f2f4f7&#8243; custom_padding=&#8221;16px||16px||true|&#8221; locked=&#8221;off&#8221; global_colors_info=&#8221;{}&#8221;][et_pb_row _builder_version=&#8221;4.27.2&#8243; _module_preset=&#8221;default&#8221; custom_padding=&#8221;28px||27px|||&#8221; global_colors_info=&#8221;{}&#8221;][et_pb_column type=&#8221;4_4&#8243; _builder_version=&#8221;4.27.2&#8243; _module_preset=&#8221;default&#8221; global_colors_info=&#8221;{}&#8221;][et_pb_text _builder_version=&#8221;4.27.4&#8243; _module_preset=&#8221;default&#8221; text_font=&#8221;Red Hat Text|300|||||||&#8221; text_text_color=&#8221;#000000&#8243; text_font_size=&#8221;16px&#8221; custom_margin=&#8221;2px|||||&#8221; hover_enabled=&#8221;0&#8243; inline_fonts=&#8221;Red Hat Med&#8221; global_colors_info=&#8221;{}&#8221; sticky_enabled=&#8221;0&#8243;]<span style=\"font-family: 'Red Hat Med';\">Risk information:<\/span> Historical returns are no guarantee of future returns. Money invested may both increase or decrease in value and there is no guarantee that you will be repaid all of your invested capital. Contact us for more information.[\/et_pb_text][\/et_pb_column][\/et_pb_row][\/et_pb_section][et_pb_section fb_built=&#8221;1&#8243; _builder_version=&#8221;4.25.0&#8243; _module_preset=&#8221;default&#8221; global_colors_info=&#8221;{}&#8221;][et_pb_row _builder_version=&#8221;4.25.0&#8243; _module_preset=&#8221;default&#8221; global_colors_info=&#8221;{}&#8221;][et_pb_column type=&#8221;4_4&#8243; _builder_version=&#8221;4.25.0&#8243; _module_preset=&#8221;default&#8221; global_colors_info=&#8221;{}&#8221;][et_pb_text _builder_version=&#8221;4.27.0&#8243; _module_preset=&#8221;default&#8221; text_font=&#8221;|300|||||||&#8221; text_font_size=&#8221;15px&#8221; header_2_font=&#8221;Red Hat Med||||||||&#8221; header_2_font_size=&#8221;20px&#8221; header_4_font=&#8221;Playfair Display||on||||||&#8221; header_4_font_size=&#8221;30px&#8221; custom_margin=&#8221;10px|-10px|13px|||&#8221; custom_margin_tablet=&#8221;0px|-10px|||false|false&#8221; custom_margin_phone=&#8221;11px|0px|||false|false&#8221; custom_margin_last_edited=&#8221;on|phone&#8221; header_2_font_size_tablet=&#8221;34px&#8221; header_2_font_size_phone=&#8221;27px&#8221; header_2_font_size_last_edited=&#8221;off|desktop&#8221; header_2_line_height_tablet=&#8221;&#8221; header_2_line_height_phone=&#8221;1.4em&#8221; header_2_line_height_last_edited=&#8221;on|phone&#8221; global_colors_info=&#8221;{}&#8221;]<\/p>\n<h2>Portfolio Strategy<\/h2>\n<p>[\/et_pb_text][et_pb_text _builder_version=&#8221;4.27.0&#8243; _module_preset=&#8221;default&#8221; text_font=&#8221;Red Hat Text|300|||||||&#8221; text_text_color=&#8221;#000000&#8243; text_font_size=&#8221;16px&#8221; header_2_font=&#8221;Red Hat Text||||||||&#8221; header_5_font_size=&#8221;26px&#8221; background_size=&#8221;initial&#8221; background_position=&#8221;top_left&#8221; background_repeat=&#8221;repeat&#8221; text_orientation=&#8221;center&#8221; width=&#8221;97.2%&#8221; width_tablet=&#8221;90%&#8221; width_phone=&#8221;100%&#8221; width_last_edited=&#8221;on|phone&#8221; module_alignment=&#8221;left&#8221; custom_margin=&#8221;||44px|||&#8221; header_5_font_size_tablet=&#8221;26px&#8221; header_5_font_size_phone=&#8221;18px&#8221; header_5_font_size_last_edited=&#8221;on|tablet&#8221; border_color_all=&#8221;#ffffff&#8221; global_colors_info=&#8221;{}&#8221;]<\/p>\n<p style=\"text-align: left;\">Our portfolio strategy is based on our view of the global markets from the joint perspectives of a high yield asset manager and a macro analyst. We assemble our investment portfolio based on where we are in the credit-equity cycle, the economic and inflation cycle, as well as our view on which mega-sectors will dominate the markets in the coming periods. We combine fundamental and technical analysis to find entry and exit levels in the market.<\/p>\n<p>[\/et_pb_text][et_pb_text _builder_version=&#8221;4.27.0&#8243; _module_preset=&#8221;default&#8221; text_font=&#8221;Red Hat Text|300|||||||&#8221; text_text_color=&#8221;#000000&#8243; text_font_size=&#8221;16px&#8221; header_2_font=&#8221;Red Hat Text||||||||&#8221; header_3_font=&#8221;Red Hat Med||||||||&#8221; header_3_font_size=&#8221;17px&#8221; header_5_font_size=&#8221;26px&#8221; background_size=&#8221;initial&#8221; background_position=&#8221;top_left&#8221; background_repeat=&#8221;repeat&#8221; text_orientation=&#8221;center&#8221; width=&#8221;95.1%&#8221; width_tablet=&#8221;90%&#8221; width_phone=&#8221;100%&#8221; width_last_edited=&#8221;on|phone&#8221; module_alignment=&#8221;left&#8221; custom_margin=&#8221;||14px|||&#8221; header_5_font_size_tablet=&#8221;26px&#8221; header_5_font_size_phone=&#8221;18px&#8221; header_5_font_size_last_edited=&#8221;on|tablet&#8221; border_color_all=&#8221;#ffffff&#8221; global_colors_info=&#8221;{}&#8221;]<\/p>\n<h3 style=\"text-align: left;\">Download a digital copy \u2013 free of charge<\/h3>\n<p class=\"p1\" style=\"text-align: left;\">Fill in your details below, and a download link will be sent to your provided email address.<\/p>\n<p>[\/et_pb_text][et_pb_code _builder_version=&#8221;4.27.0&#8243; _module_preset=&#8221;default&#8221; custom_margin=&#8221;38px|||||&#8221; global_colors_info=&#8221;{}&#8221;]<style id=\"wpforms-css-vars-2138\">\n\t\t\t\t#wpforms-2138 {\n\t\t\t\t--wpforms-field-size-input-height: 43px;\n--wpforms-field-size-input-spacing: 15px;\n--wpforms-field-size-font-size: 16px;\n--wpforms-field-size-line-height: 19px;\n--wpforms-field-size-padding-h: 14px;\n--wpforms-field-size-checkbox-size: 16px;\n--wpforms-field-size-sublabel-spacing: 5px;\n--wpforms-field-size-icon-size: 1;\n--wpforms-label-size-font-size: 16px;\n--wpforms-label-size-line-height: 19px;\n--wpforms-label-size-sublabel-font-size: 14px;\n--wpforms-label-size-sublabel-line-height: 17px;\n--wpforms-button-size-font-size: 17px;\n--wpforms-button-size-height: 41px;\n--wpforms-button-size-padding-h: 15px;\n--wpforms-button-size-margin-top: 10px;\n--wpforms-container-shadow-size-box-shadow: none;\n\t\t\t}\n\t\t\t<\/style><div class=\"wpforms-container wpforms-container-full wpforms-render-modern\" id=\"wpforms-2138\"><form id=\"wpforms-form-2138\" class=\"wpforms-validate wpforms-form wpforms-ajax-form\" data-formid=\"2138\" method=\"post\" enctype=\"multipart\/form-data\" action=\"\/en\/wp-json\/wp\/v2\/pages\/2137\" data-token=\"1913210552835788770ee681d9fa56eb\" data-token-time=\"1777268250\"><noscript class=\"wpforms-error-noscript\">Please enable JavaScript in your browser to complete this form.<\/noscript><div id=\"wpforms-error-noscript\" style=\"display: none;\">Please enable JavaScript in your browser to complete this form.<\/div><div class=\"wpforms-field-container\"><div id=\"wpforms-2138-field_14-container\" class=\"wpforms-field wpforms-field-name wpforms-one-half wpforms-first\" data-field-id=\"14\"><label class=\"wpforms-field-label wpforms-label-hide\" for=\"wpforms-2138-field_14\" aria-hidden=\"false\">Namn <span class=\"wpforms-required-label\" aria-hidden=\"true\">*<\/span><\/label><input type=\"text\" id=\"wpforms-2138-field_14\" class=\"wpforms-field-large wpforms-field-required\" name=\"wpforms[fields][14]\" placeholder=\"First name\" aria-errormessage=\"wpforms-2138-field_14-error\" required><\/div><div id=\"wpforms-2138-field_15-container\" class=\"wpforms-field wpforms-field-name wpforms-one-half\" data-field-id=\"15\"><label class=\"wpforms-field-label wpforms-label-hide\" for=\"wpforms-2138-field_15\" aria-hidden=\"false\">Namn <span class=\"wpforms-required-label\" aria-hidden=\"true\">*<\/span><\/label><input type=\"text\" id=\"wpforms-2138-field_15\" class=\"wpforms-field-large wpforms-field-required\" name=\"wpforms[fields][15]\" placeholder=\"Last name\" aria-errormessage=\"wpforms-2138-field_15-error\" required><\/div><div id=\"wpforms-2138-field_16-container\" class=\"wpforms-field wpforms-field-email wpforms-one-half wpforms-first\" data-field-id=\"16\"><label class=\"wpforms-field-label wpforms-label-hide\" for=\"wpforms-2138-field_16\" aria-hidden=\"false\">E-post <span class=\"wpforms-required-label\" aria-hidden=\"true\">*<\/span><\/label><input type=\"email\" id=\"wpforms-2138-field_16\" class=\"wpforms-field-large wpforms-field-required\" name=\"wpforms[fields][16]\" placeholder=\"Email\" spellcheck=\"false\" aria-errormessage=\"wpforms-2138-field_16-error\" required><\/div><div id=\"wpforms-2138-field_18-container\" class=\"wpforms-field wpforms-field-text wpforms-one-half\" data-field-id=\"18\"><label class=\"wpforms-field-label wpforms-label-hide\" for=\"wpforms-2138-field_18\" aria-hidden=\"false\">Telefonnummer <span class=\"wpforms-required-label\" aria-hidden=\"true\">*<\/span><\/label><input type=\"text\" id=\"wpforms-2138-field_18\" class=\"wpforms-field-large wpforms-field-required\" name=\"wpforms[fields][18]\" placeholder=\"Phone number\" aria-errormessage=\"wpforms-2138-field_18-error\" required><\/div><div id=\"wpforms-2138-field_12-container\" class=\"wpforms-field wpforms-field-checkbox\" data-field-id=\"12\"><fieldset><legend class=\"wpforms-field-label\">How large is your investable wealth? <span class=\"wpforms-required-label\" aria-hidden=\"true\">*<\/span><\/legend><ul id=\"wpforms-2138-field_12\" class=\"wpforms-field-required\" data-choice-limit=\"1\"><li class=\"choice-4 depth-1\"><input type=\"checkbox\" id=\"wpforms-2138-field_12_4\" data-rule-check-limit=\"true\" name=\"wpforms[fields][12][]\" value=\"0-10 MSEK\" aria-errormessage=\"wpforms-2138-field_12_4-error\" required ><label class=\"wpforms-field-label-inline\" for=\"wpforms-2138-field_12_4\">0-10 MSEK<\/label><\/li><li class=\"choice-1 depth-1\"><input type=\"checkbox\" id=\"wpforms-2138-field_12_1\" data-rule-check-limit=\"true\" name=\"wpforms[fields][12][]\" value=\"10-30 MSEK\" aria-errormessage=\"wpforms-2138-field_12_1-error\" required ><label class=\"wpforms-field-label-inline\" for=\"wpforms-2138-field_12_1\">10-30 MSEK<\/label><\/li><li class=\"choice-2 depth-1\"><input type=\"checkbox\" id=\"wpforms-2138-field_12_2\" data-rule-check-limit=\"true\" name=\"wpforms[fields][12][]\" value=\"30-50 MSEK\" aria-errormessage=\"wpforms-2138-field_12_2-error\" required ><label class=\"wpforms-field-label-inline\" for=\"wpforms-2138-field_12_2\">30-50 MSEK<\/label><\/li><li class=\"choice-3 depth-1\"><input type=\"checkbox\" id=\"wpforms-2138-field_12_3\" data-rule-check-limit=\"true\" name=\"wpforms[fields][12][]\" value=\"50+ MSEK\" aria-errormessage=\"wpforms-2138-field_12_3-error\" required ><label class=\"wpforms-field-label-inline\" for=\"wpforms-2138-field_12_3\">50+ MSEK<\/label><\/li><\/ul><\/fieldset><\/div><div id=\"wpforms-2138-field_6-container\" class=\"wpforms-field wpforms-field-checkbox\" data-field-id=\"6\"><fieldset><legend class=\"wpforms-field-label wpforms-label-hide\" aria-hidden=\"false\">Checkboxes <span class=\"wpforms-required-label\" aria-hidden=\"true\">*<\/span><\/legend><ul id=\"wpforms-2138-field_6\" class=\"wpforms-field-required\"><li class=\"choice-1 depth-1\"><input type=\"checkbox\" id=\"wpforms-2138-field_6_1\" name=\"wpforms[fields][6][]\" value=\"I confirm that I have read the information about the processing of my personal data as stated in the privacy policy.\" aria-errormessage=\"wpforms-2138-field_6_1-error\" aria-describedby=\"wpforms-2138-field_6-description\" required ><label class=\"wpforms-field-label-inline\" for=\"wpforms-2138-field_6_1\">I confirm that I have read the information about the processing of my personal data as stated in the privacy policy.<\/label><\/li><\/ul><div id=\"wpforms-2138-field_6-description\" class=\"wpforms-field-description\"><p><a href=\"https:\/\/vingagroup.com\/wp-content\/uploads\/2024\/10\/241016-Vinga-AM-Privacy-policy.pdf\">Read the privacy policy here<\/a>.<\/p>\n<br \/>\n<p>By clicking below, you agree that we may contact you for marketing purposes.<\/p>\n<\/div><\/fieldset><\/div><\/div><!-- .wpforms-field-container --><div class=\"wpforms-submit-container\" ><input type=\"hidden\" name=\"wpforms[id]\" value=\"2138\"><input type=\"hidden\" name=\"page_title\" value=\"\"><input type=\"hidden\" name=\"page_url\" value=\"https:\/\/vingagroup.com\/en\/wp-json\/wp\/v2\/pages\/2137\"><input type=\"hidden\" name=\"url_referer\" value=\"\"><button type=\"submit\" name=\"wpforms[submit]\" id=\"wpforms-submit-2138\" class=\"wpforms-submit\" data-alt-text=\"Sending...\" data-submit-text=\"Send\" aria-live=\"assertive\" value=\"wpforms-submit\">Send<\/button><img loading=\"lazy\" decoding=\"async\" src=\"https:\/\/vingagroup.com\/wp-content\/plugins\/wpforms\/assets\/images\/submit-spin.svg\" class=\"wpforms-submit-spinner\" style=\"display: none;\" width=\"26\" height=\"26\" alt=\"Loading\"><\/div><\/form><\/div>  <!-- .wpforms-container -->[\/et_pb_code][\/et_pb_column][\/et_pb_row][\/et_pb_section]<\/p>\n","protected":false},"excerpt":{"rendered":"<p>Portfolio StrategyRisk information: Historical returns are no guarantee of future returns. Money invested may both increase or decrease in value and there is no guarantee that you will be repaid all of your invested capital. Contact us for more information.Portfolio StrategyOur portfolio strategy is based on our view of the global markets from the joint [&hellip;]<\/p>\n","protected":false},"author":1,"featured_media":0,"parent":0,"menu_order":0,"comment_status":"closed","ping_status":"closed","template":"","meta":{"_et_pb_use_builder":"on","_et_pb_old_content":"","_et_gb_content_width":"","inline_featured_image":false,"footnotes":""},"class_list":["post-2137","page","type-page","status-publish","hentry"],"yoast_head":"<!-- This site is optimized with the Yoast SEO plugin v27.4 - https:\/\/yoast.com\/product\/yoast-seo-wordpress\/ -->\n<title>Portfolio Strategy - Vinga Group<\/title>\n<meta name=\"description\" content=\"We combine fundamental and technical analysis to find entry and exit levels in the market. Download a digital copy of our Portfolio Strategy.\" \/>\n<meta name=\"robots\" content=\"index, follow, max-snippet:-1, max-image-preview:large, max-video-preview:-1\" \/>\n<link rel=\"canonical\" href=\"https:\/\/vingagroup.com\/en\/portfolio-strategy\/\" \/>\n<meta property=\"og:locale\" content=\"en_US\" \/>\n<meta property=\"og:type\" content=\"article\" \/>\n<meta property=\"og:title\" content=\"Portfolio Strategy - Vinga Group\" \/>\n<meta property=\"og:description\" content=\"We combine fundamental and technical analysis to find entry and exit levels in the market. Download a digital copy of our Portfolio Strategy.\" \/>\n<meta property=\"og:url\" content=\"https:\/\/vingagroup.com\/en\/portfolio-strategy\/\" \/>\n<meta property=\"og:site_name\" content=\"Vinga Group\" \/>\n<meta property=\"article:publisher\" content=\"https:\/\/www.facebook.com\/vingagroup\" \/>\n<meta property=\"article:modified_time\" content=\"2024-12-05T12:12:30+00:00\" \/>\n<meta name=\"twitter:card\" content=\"summary_large_image\" \/>\n<meta name=\"twitter:label1\" content=\"Est. reading time\" \/>\n\t<meta name=\"twitter:data1\" content=\"2 minutes\" \/>\n<script type=\"application\/ld+json\" class=\"yoast-schema-graph\">{\"@context\":\"https:\\\/\\\/schema.org\",\"@graph\":[{\"@type\":\"WebPage\",\"@id\":\"https:\\\/\\\/vingagroup.com\\\/en\\\/portfolio-strategy\\\/\",\"url\":\"https:\\\/\\\/vingagroup.com\\\/en\\\/portfolio-strategy\\\/\",\"name\":\"Portfolio Strategy - Vinga Group\",\"isPartOf\":{\"@id\":\"https:\\\/\\\/vingagroup.com\\\/#website\"},\"datePublished\":\"2024-09-19T11:20:39+00:00\",\"dateModified\":\"2024-12-05T12:12:30+00:00\",\"description\":\"We combine fundamental and technical analysis to find entry and exit levels in the market. Download a digital copy of our Portfolio Strategy.\",\"breadcrumb\":{\"@id\":\"https:\\\/\\\/vingagroup.com\\\/en\\\/portfolio-strategy\\\/#breadcrumb\"},\"inLanguage\":\"en-US\",\"potentialAction\":[{\"@type\":\"ReadAction\",\"target\":[\"https:\\\/\\\/vingagroup.com\\\/en\\\/portfolio-strategy\\\/\"]}]},{\"@type\":\"BreadcrumbList\",\"@id\":\"https:\\\/\\\/vingagroup.com\\\/en\\\/portfolio-strategy\\\/#breadcrumb\",\"itemListElement\":[{\"@type\":\"ListItem\",\"position\":1,\"name\":\"Hem\",\"item\":\"https:\\\/\\\/vingagroup.com\\\/\"},{\"@type\":\"ListItem\",\"position\":2,\"name\":\"Portfolio Strategy\"}]},{\"@type\":\"WebSite\",\"@id\":\"https:\\\/\\\/vingagroup.com\\\/#website\",\"url\":\"https:\\\/\\\/vingagroup.com\\\/\",\"name\":\"Vinga Group\",\"description\":\"Nordic roots \u2013 global ambition\",\"publisher\":{\"@id\":\"https:\\\/\\\/vingagroup.com\\\/#organization\"},\"potentialAction\":[{\"@type\":\"SearchAction\",\"target\":{\"@type\":\"EntryPoint\",\"urlTemplate\":\"https:\\\/\\\/vingagroup.com\\\/?s={search_term_string}\"},\"query-input\":{\"@type\":\"PropertyValueSpecification\",\"valueRequired\":true,\"valueName\":\"search_term_string\"}}],\"inLanguage\":\"en-US\"},{\"@type\":\"Organization\",\"@id\":\"https:\\\/\\\/vingagroup.com\\\/#organization\",\"name\":\"Vinga Group\",\"url\":\"https:\\\/\\\/vingagroup.com\\\/\",\"logo\":{\"@type\":\"ImageObject\",\"inLanguage\":\"en-US\",\"@id\":\"https:\\\/\\\/vingagroup.com\\\/#\\\/schema\\\/logo\\\/image\\\/\",\"url\":\"https:\\\/\\\/vingagroup.com\\\/wp-content\\\/uploads\\\/2023\\\/05\\\/Vinga_and_text_logo_horisontell_black_cmyk.jpg\",\"contentUrl\":\"https:\\\/\\\/vingagroup.com\\\/wp-content\\\/uploads\\\/2023\\\/05\\\/Vinga_and_text_logo_horisontell_black_cmyk.jpg\",\"width\":500,\"height\":254,\"caption\":\"Vinga Group\"},\"image\":{\"@id\":\"https:\\\/\\\/vingagroup.com\\\/#\\\/schema\\\/logo\\\/image\\\/\"},\"sameAs\":[\"https:\\\/\\\/www.facebook.com\\\/vingagroup\",\"https:\\\/\\\/www.instagram.com\\\/vingagroup\\\/\",\"https:\\\/\\\/www.linkedin.com\\\/company\\\/vinga-group\\\/\"]}]}<\/script>\n<!-- \/ Yoast SEO plugin. -->","yoast_head_json":{"title":"Portfolio Strategy - Vinga Group","description":"We combine fundamental and technical analysis to find entry and exit levels in the market. Download a digital copy of our Portfolio Strategy.","robots":{"index":"index","follow":"follow","max-snippet":"max-snippet:-1","max-image-preview":"max-image-preview:large","max-video-preview":"max-video-preview:-1"},"canonical":"https:\/\/vingagroup.com\/en\/portfolio-strategy\/","og_locale":"en_US","og_type":"article","og_title":"Portfolio Strategy - Vinga Group","og_description":"We combine fundamental and technical analysis to find entry and exit levels in the market. Download a digital copy of our Portfolio Strategy.","og_url":"https:\/\/vingagroup.com\/en\/portfolio-strategy\/","og_site_name":"Vinga Group","article_publisher":"https:\/\/www.facebook.com\/vingagroup","article_modified_time":"2024-12-05T12:12:30+00:00","twitter_card":"summary_large_image","twitter_misc":{"Est. reading time":"2 minutes"},"schema":{"@context":"https:\/\/schema.org","@graph":[{"@type":"WebPage","@id":"https:\/\/vingagroup.com\/en\/portfolio-strategy\/","url":"https:\/\/vingagroup.com\/en\/portfolio-strategy\/","name":"Portfolio Strategy - Vinga Group","isPartOf":{"@id":"https:\/\/vingagroup.com\/#website"},"datePublished":"2024-09-19T11:20:39+00:00","dateModified":"2024-12-05T12:12:30+00:00","description":"We combine fundamental and technical analysis to find entry and exit levels in the market. Download a digital copy of our Portfolio Strategy.","breadcrumb":{"@id":"https:\/\/vingagroup.com\/en\/portfolio-strategy\/#breadcrumb"},"inLanguage":"en-US","potentialAction":[{"@type":"ReadAction","target":["https:\/\/vingagroup.com\/en\/portfolio-strategy\/"]}]},{"@type":"BreadcrumbList","@id":"https:\/\/vingagroup.com\/en\/portfolio-strategy\/#breadcrumb","itemListElement":[{"@type":"ListItem","position":1,"name":"Hem","item":"https:\/\/vingagroup.com\/"},{"@type":"ListItem","position":2,"name":"Portfolio Strategy"}]},{"@type":"WebSite","@id":"https:\/\/vingagroup.com\/#website","url":"https:\/\/vingagroup.com\/","name":"Vinga Group","description":"Nordic roots \u2013 global ambition","publisher":{"@id":"https:\/\/vingagroup.com\/#organization"},"potentialAction":[{"@type":"SearchAction","target":{"@type":"EntryPoint","urlTemplate":"https:\/\/vingagroup.com\/?s={search_term_string}"},"query-input":{"@type":"PropertyValueSpecification","valueRequired":true,"valueName":"search_term_string"}}],"inLanguage":"en-US"},{"@type":"Organization","@id":"https:\/\/vingagroup.com\/#organization","name":"Vinga Group","url":"https:\/\/vingagroup.com\/","logo":{"@type":"ImageObject","inLanguage":"en-US","@id":"https:\/\/vingagroup.com\/#\/schema\/logo\/image\/","url":"https:\/\/vingagroup.com\/wp-content\/uploads\/2023\/05\/Vinga_and_text_logo_horisontell_black_cmyk.jpg","contentUrl":"https:\/\/vingagroup.com\/wp-content\/uploads\/2023\/05\/Vinga_and_text_logo_horisontell_black_cmyk.jpg","width":500,"height":254,"caption":"Vinga Group"},"image":{"@id":"https:\/\/vingagroup.com\/#\/schema\/logo\/image\/"},"sameAs":["https:\/\/www.facebook.com\/vingagroup","https:\/\/www.instagram.com\/vingagroup\/","https:\/\/www.linkedin.com\/company\/vinga-group\/"]}]}},"_links":{"self":[{"href":"https:\/\/vingagroup.com\/en\/wp-json\/wp\/v2\/pages\/2137","targetHints":{"allow":["GET"]}}],"collection":[{"href":"https:\/\/vingagroup.com\/en\/wp-json\/wp\/v2\/pages"}],"about":[{"href":"https:\/\/vingagroup.com\/en\/wp-json\/wp\/v2\/types\/page"}],"author":[{"embeddable":true,"href":"https:\/\/vingagroup.com\/en\/wp-json\/wp\/v2\/users\/1"}],"replies":[{"embeddable":true,"href":"https:\/\/vingagroup.com\/en\/wp-json\/wp\/v2\/comments?post=2137"}],"version-history":[{"count":8,"href":"https:\/\/vingagroup.com\/en\/wp-json\/wp\/v2\/pages\/2137\/revisions"}],"predecessor-version":[{"id":2527,"href":"https:\/\/vingagroup.com\/en\/wp-json\/wp\/v2\/pages\/2137\/revisions\/2527"}],"wp:attachment":[{"href":"https:\/\/vingagroup.com\/en\/wp-json\/wp\/v2\/media?parent=2137"}],"curies":[{"name":"wp","href":"https:\/\/api.w.org\/{rel}","templated":true}]}}